{"id":172,"date":"2019-03-15T11:17:55","date_gmt":"2019-03-15T11:17:55","guid":{"rendered":"https:\/\/www.maore.org\/?page_id=172"},"modified":"2023-01-05T15:11:44","modified_gmt":"2023-01-05T15:11:44","slug":"kontakt","status":"publish","type":"page","link":"https:\/\/www.maore.org\/index.php\/kontakt\/","title":{"rendered":""},"content":{"rendered":"\n<p><\/p>\n\n\n\n<p><strong>Ihnen gefallen meine Stoffkreationen und Sie m\u00f6chten etwas bestimmtes kaufen oder mehr \u00fcber mein Sortiment erfahren?<\/strong><\/p>\n\n\n\n<p>Nutzen Sie das Formular, um mir eine Anfrage zu senden und ich gebe Ihnen gerne Auskunft \u00fcber meinen aktuellen Bestand, die verf\u00fcgbaren Farben und Variationen. Da ich meine Produkte regelm\u00e4ssig auch an verschiedenen M\u00e4rkten anbiete und st\u00e4ndig Neues ausprobiere, \u00e4ndert sich mein Bestand laufend.<\/p>\n\n\n\n<p> Gerne beantworte ich Ihre Fragen und nehme Ihre pers\u00f6nlichen Anfertigungsw\u00fcnsche entgegen. <\/p>\n\n\n<div class=\"wp-block-jetpack-contact-form is-layout-flex wp-container-jetpack-contact-form-is-layout-2b4208ba wp-block-jetpack-contact-form-is-layout-flex\"><a href=\"https:\/\/www.maore.org\/index.php\/kontakt\/\" target=\"_blank\" rel=\"noopener noreferrer\">Formular einreichen.<\/a><\/div>\n\n<p>[bws_google_captcha]<\/p>","protected":false},"excerpt":{"rendered":"<p>Ihnen gefallen meine Stoffkreationen und Sie m\u00f6chten etwas bestimmtes kaufen oder mehr \u00fcber mein Sortiment erfahren? Nutzen Sie das Formular, um mir eine Anfrage zu senden und ich gebe Ihnen gerne Auskunft \u00fcber meinen aktuellen Bestand, die verf\u00fcgbaren Farben und Variationen. Da ich meine Produkte regelm\u00e4ssig auch an verschiedenen M\u00e4rkten anbiete und st\u00e4ndig Neues ausprobiere, [&hellip;]<\/p>\n","protected":false},"author":2,"featured_media":0,"parent":0,"menu_order":0,"comment_status":"closed","ping_status":"closed","template":"","meta":{"jetpack_post_was_ever_published":false,"footnotes":""},"class_list":["post-172","page","type-page","status-publish","hentry"],"jetpack_sharing_enabled":true,"jetpack_shortlink":"https:\/\/wp.me\/PazYdY-2M","jetpack-related-posts":[],"_links":{"self":[{"href":"https:\/\/www.maore.org\/index.php\/wp-json\/wp\/v2\/pages\/172","targetHints":{"allow":["GET"]}}],"collection":[{"href":"https:\/\/www.maore.org\/index.php\/wp-json\/wp\/v2\/pages"}],"about":[{"href":"https:\/\/www.maore.org\/index.php\/wp-json\/wp\/v2\/types\/page"}],"author":[{"embeddable":true,"href":"https:\/\/www.maore.org\/index.php\/wp-json\/wp\/v2\/users\/2"}],"replies":[{"embeddable":true,"href":"https:\/\/www.maore.org\/index.php\/wp-json\/wp\/v2\/comments?post=172"}],"version-history":[{"count":15,"href":"https:\/\/www.maore.org\/index.php\/wp-json\/wp\/v2\/pages\/172\/revisions"}],"predecessor-version":[{"id":2203,"href":"https:\/\/www.maore.org\/index.php\/wp-json\/wp\/v2\/pages\/172\/revisions\/2203"}],"wp:attachment":[{"href":"https:\/\/www.maore.org\/index.php\/wp-json\/wp\/v2\/media?parent=172"}],"curies":[{"name":"wp","href":"https:\/\/api.w.org\/{rel}","templated":true}]}}