{"id":134,"date":"2019-03-15T10:23:02","date_gmt":"2019-03-15T10:23:02","guid":{"rendered":"https:\/\/www.maore.org\/?post_type=product&#038;p=134"},"modified":"2022-12-29T12:20:08","modified_gmt":"2022-12-29T12:20:08","slug":"tuerstopper-katze-mit-kleinen-katzen","status":"publish","type":"product","link":"https:\/\/www.maore.org\/index.php\/product\/tuerstopper-katze-mit-kleinen-katzen\/","title":{"rendered":"T\u00fcrstopper- und Dekokatzen"},"content":{"rendered":"<p>Die Katzen stehen in drei Farben und in drei unterschiedlichen Gr\u00f6ssen zur Verf\u00fcgung. Sie dienen nicht nur der Dekoration, sondern k\u00f6nnen auch als St\u00fctze f\u00fcr B\u00fccher, als Fenster- oder T\u00fcrstopper verwendet. Die grosse T\u00fcrtopper-Katze ist mit Gewichten gef\u00fcllt, damit sie problemlos offen halten kann.<\/p>\n<p>W\u00e4hlen Sie die gew\u00fcnschte Option und f\u00fcgen Sie diese dem Warenkorb hinzu.<\/p>\n<p>Varianten<\/p>\n<ul>\n<li>T\u00fcrstopper-Katze: CHF 60<\/li>\n<li>Dekokatzen: Gross und mittel = CHF 20 \/ klein = CHF 15<\/li>\n<li>Ganze Familie: T\u00fcrstopper, gross, mittel und klein = 90 CHF<\/li>\n<\/ul>\n<p>Als Familie gekauft, biete ich einen entsprechenden Rabatt.<\/p>\n","protected":false},"excerpt":{"rendered":"<p>Die Katzen stehen in drei Farben und in drei unterschiedlichen Gr\u00f6ssen zur Verf\u00fcgung. Sie dienen nicht nur der Dekoration, sondern k\u00f6nnen auch als St\u00fctze f\u00fcr B\u00fccher, als Fenster- oder T\u00fcrstopper verwendet. Die grosse T\u00fcrtopper-Katze ist mit Gewichten gef\u00fcllt, damit sie problemlos offen halten kann. W\u00e4hlen Sie die gew\u00fcnschte Option und f\u00fcgen Sie diese dem Warenkorb [&hellip;]<\/p>\n","protected":false},"featured_media":138,"template":"","meta":{"jetpack_post_was_ever_published":false,"jetpack_publicize_message":"","jetpack_publicize_feature_enabled":true,"jetpack_social_post_already_shared":true,"jetpack_social_options":{"image_generator_settings":{"template":"highway","default_image_id":0,"font":"","enabled":false},"version":2}},"product_brand":[],"product_cat":[26,27],"product_tag":[],"class_list":{"0":"post-134","1":"product","2":"type-product","3":"status-publish","4":"has-post-thumbnail","6":"product_cat-fuer-die-grossen","7":"product_cat-fuer-die-kleinen","9":"first","10":"instock","11":"shipping-taxable","12":"purchasable","13":"product-type-variable"},"jetpack_publicize_connections":[],"jetpack_sharing_enabled":true,"jetpack-related-posts":[],"_links":{"self":[{"href":"https:\/\/www.maore.org\/index.php\/wp-json\/wp\/v2\/product\/134","targetHints":{"allow":["GET"]}}],"collection":[{"href":"https:\/\/www.maore.org\/index.php\/wp-json\/wp\/v2\/product"}],"about":[{"href":"https:\/\/www.maore.org\/index.php\/wp-json\/wp\/v2\/types\/product"}],"wp:featuredmedia":[{"embeddable":true,"href":"https:\/\/www.maore.org\/index.php\/wp-json\/wp\/v2\/media\/138"}],"wp:attachment":[{"href":"https:\/\/www.maore.org\/index.php\/wp-json\/wp\/v2\/media?parent=134"}],"wp:term":[{"taxonomy":"product_brand","embeddable":true,"href":"https:\/\/www.maore.org\/index.php\/wp-json\/wp\/v2\/product_brand?post=134"},{"taxonomy":"product_cat","embeddable":true,"href":"https:\/\/www.maore.org\/index.php\/wp-json\/wp\/v2\/product_cat?post=134"},{"taxonomy":"product_tag","embeddable":true,"href":"https:\/\/www.maore.org\/index.php\/wp-json\/wp\/v2\/product_tag?post=134"}],"curies":[{"name":"wp","href":"https:\/\/api.w.org\/{rel}","templated":true}]}}