{"id":1713,"date":"2020-08-11T12:57:03","date_gmt":"2020-08-11T12:57:03","guid":{"rendered":"https:\/\/www.maore.org\/?post_type=product&#038;p=1713"},"modified":"2022-12-29T12:05:16","modified_gmt":"2022-12-29T12:05:16","slug":"lunchbag-schwimmtasche","status":"publish","type":"product","link":"https:\/\/www.maore.org\/index.php\/product\/lunchbag-schwimmtasche\/","title":{"rendered":"Lunchbag \/ Schwimmtasche"},"content":{"rendered":"<p>Der aus beschichtetem Baumwollstoff hergestellte Bag ist wiederverwendbar und eignet sich perfekt f\u00fcr das sichere Verstauen von Mahlzeiten, noch feuchten Schwimmsachen und mehr. Dadurch ist das Innere Ihrer Tasche vor Feuchtigkeit, Ger\u00fcchen oder Spuren von Lebensmitteln gesch\u00fctzt. Die Tasche ist wasserabweisend und feucht abwischbar. Der Klettverschluss sorgt f\u00fcr schnelles \u00f6ffnen und schliessen. Die abgesteppten Kanten verleihen dem Bag eine sch\u00f6ne Form.<\/p>\n<p><strong>Gr\u00f6sse<\/strong>: 29 x 16 x 12 cm<\/p>\n","protected":false},"excerpt":{"rendered":"<p>Der aus beschichtetem Baumwollstoff hergestellte Bag ist wiederverwendbar und eignet sich perfekt f\u00fcr das sichere Verstauen von Mahlzeiten, noch feuchten Schwimmsachen und mehr. Dadurch ist das Innere Ihrer Tasche vor Feuchtigkeit, Ger\u00fcchen oder Spuren von Lebensmitteln gesch\u00fctzt. Die Tasche ist wasserabweisend und feucht abwischbar. Der Klettverschluss sorgt f\u00fcr schnelles \u00f6ffnen und schliessen. Die abgesteppten Kanten [&hellip;]<\/p>\n","protected":false},"featured_media":1753,"template":"","meta":{"jetpack_post_was_ever_published":false,"jetpack_publicize_message":"","jetpack_publicize_feature_enabled":true,"jetpack_social_post_already_shared":true,"jetpack_social_options":{"image_generator_settings":{"template":"highway","default_image_id":0,"font":"","enabled":false},"version":2}},"product_brand":[],"product_cat":[26,27],"product_tag":[],"class_list":{"0":"post-1713","1":"product","2":"type-product","3":"status-publish","4":"has-post-thumbnail","6":"product_cat-fuer-die-grossen","7":"product_cat-fuer-die-kleinen","9":"first","10":"instock","11":"shipping-taxable","12":"purchasable","13":"product-type-simple"},"jetpack_publicize_connections":[],"jetpack_sharing_enabled":true,"jetpack-related-posts":[],"_links":{"self":[{"href":"https:\/\/www.maore.org\/index.php\/wp-json\/wp\/v2\/product\/1713","targetHints":{"allow":["GET"]}}],"collection":[{"href":"https:\/\/www.maore.org\/index.php\/wp-json\/wp\/v2\/product"}],"about":[{"href":"https:\/\/www.maore.org\/index.php\/wp-json\/wp\/v2\/types\/product"}],"wp:featuredmedia":[{"embeddable":true,"href":"https:\/\/www.maore.org\/index.php\/wp-json\/wp\/v2\/media\/1753"}],"wp:attachment":[{"href":"https:\/\/www.maore.org\/index.php\/wp-json\/wp\/v2\/media?parent=1713"}],"wp:term":[{"taxonomy":"product_brand","embeddable":true,"href":"https:\/\/www.maore.org\/index.php\/wp-json\/wp\/v2\/product_brand?post=1713"},{"taxonomy":"product_cat","embeddable":true,"href":"https:\/\/www.maore.org\/index.php\/wp-json\/wp\/v2\/product_cat?post=1713"},{"taxonomy":"product_tag","embeddable":true,"href":"https:\/\/www.maore.org\/index.php\/wp-json\/wp\/v2\/product_tag?post=1713"}],"curies":[{"name":"wp","href":"https:\/\/api.w.org\/{rel}","templated":true}]}}