{"id":1736,"date":"2020-08-11T12:48:25","date_gmt":"2020-08-11T12:48:25","guid":{"rendered":"https:\/\/www.maore.org\/?post_type=product&#038;p=1736"},"modified":"2023-01-05T15:17:37","modified_gmt":"2023-01-05T15:17:37","slug":"ladetasche-fuer-mobilephones-und-ereader","status":"publish","type":"product","link":"https:\/\/www.maore.org\/index.php\/product\/ladetasche-fuer-mobilephones-und-ereader\/","title":{"rendered":"Smartphone Ladetasche"},"content":{"rendered":"<p>Die Tasche kann am Stecker des Ladekabels befestigt werden und bietet Platz um das Ger\u00e4t samt Kabel darin zu verstauen. So sind Ihre Ger\u00e4te auch w\u00e4hrend dem Laden gesch\u00fctzt aufbewahrt und Sie m\u00fcssen sich nicht mehr \u00fcber ein zu kurzes Ladekabel \u00e4rgern oder Ihr Ger\u00e4t dem Risiko eines Sturzes aussetzen.<\/p>\n<p><strong>Gr\u00f6sse der Tasche<\/strong>: 15 x 25 cm<\/p>\n<p><strong>Durchmesser der Metall\u00f6se<\/strong>: ca. 4 cm<\/p>\n<p><strong>Material<\/strong>: Baumwollstoff, Schr\u00e4gband, Metall\u00f6se<\/p>\n","protected":false},"excerpt":{"rendered":"<p>Die Tasche kann am Stecker des Ladekabels befestigt werden und bietet Platz um das Ger\u00e4t samt Kabel darin zu verstauen. So sind Ihre Ger\u00e4te auch w\u00e4hrend dem Laden gesch\u00fctzt aufbewahrt und Sie m\u00fcssen sich nicht mehr \u00fcber ein zu kurzes Ladekabel \u00e4rgern oder Ihr Ger\u00e4t dem Risiko eines Sturzes aussetzen. Gr\u00f6sse der Tasche: 15 x [&hellip;]<\/p>\n","protected":false},"featured_media":1893,"template":"","meta":{"jetpack_post_was_ever_published":false,"jetpack_publicize_message":"","jetpack_publicize_feature_enabled":true,"jetpack_social_post_already_shared":true,"jetpack_social_options":{"image_generator_settings":{"template":"highway","default_image_id":0,"font":"","enabled":false},"version":2}},"product_brand":[],"product_cat":[26,27],"product_tag":[],"class_list":{"0":"post-1736","1":"product","2":"type-product","3":"status-publish","4":"has-post-thumbnail","6":"product_cat-fuer-die-grossen","7":"product_cat-fuer-die-kleinen","9":"first","10":"instock","11":"shipping-taxable","12":"purchasable","13":"product-type-simple"},"jetpack_publicize_connections":[],"jetpack_sharing_enabled":true,"jetpack-related-posts":[],"_links":{"self":[{"href":"https:\/\/www.maore.org\/index.php\/wp-json\/wp\/v2\/product\/1736","targetHints":{"allow":["GET"]}}],"collection":[{"href":"https:\/\/www.maore.org\/index.php\/wp-json\/wp\/v2\/product"}],"about":[{"href":"https:\/\/www.maore.org\/index.php\/wp-json\/wp\/v2\/types\/product"}],"wp:featuredmedia":[{"embeddable":true,"href":"https:\/\/www.maore.org\/index.php\/wp-json\/wp\/v2\/media\/1893"}],"wp:attachment":[{"href":"https:\/\/www.maore.org\/index.php\/wp-json\/wp\/v2\/media?parent=1736"}],"wp:term":[{"taxonomy":"product_brand","embeddable":true,"href":"https:\/\/www.maore.org\/index.php\/wp-json\/wp\/v2\/product_brand?post=1736"},{"taxonomy":"product_cat","embeddable":true,"href":"https:\/\/www.maore.org\/index.php\/wp-json\/wp\/v2\/product_cat?post=1736"},{"taxonomy":"product_tag","embeddable":true,"href":"https:\/\/www.maore.org\/index.php\/wp-json\/wp\/v2\/product_tag?post=1736"}],"curies":[{"name":"wp","href":"https:\/\/api.w.org\/{rel}","templated":true}]}}