{"id":2243,"date":"2023-02-26T13:14:07","date_gmt":"2023-02-26T13:14:07","guid":{"rendered":"https:\/\/www.maore.org\/?post_type=product&#038;p=2243"},"modified":"2026-03-29T12:53:28","modified_gmt":"2026-03-29T12:53:28","slug":"knister-animals","status":"publish","type":"product","link":"https:\/\/www.maore.org\/index.php\/product\/knister-animals\/","title":{"rendered":"Knister-Animals"},"content":{"rendered":"<p>Die s\u00fcssen Knistertiere aus zertifizierten Stoffen sind mit viel Liebe zum Detail gen\u00e4ht. Die Stofftiere sind mit Knisterfolie gef\u00fcllt. Aktuell in den Varianten Katze, Maus, Hund und Panda.<\/p>\n<p>Details:<\/p>\n<ul>\n<li>Das Produkt ist bei 30 Grad waschbar.<\/li>\n<li>Stoffe: Kullaloo f\u00fcr Kinderspielzeug geeignet (EN 71-3 und EN 71-9).<\/li>\n<li>Die Stickdatei stammt von <a href=\"https:\/\/www.sticktier.de\/\">Sticktier<\/a>.<\/li>\n<\/ul>\n","protected":false},"excerpt":{"rendered":"<p>Die s\u00fcssen Knistertiere aus zertifizierten Stoffen sind mit viel Liebe zum Detail gen\u00e4ht. Die Stofftiere sind mit Knisterfolie gef\u00fcllt. Aktuell in den Varianten Katze, Maus, Hund und Panda. Details: Das Produkt ist bei 30 Grad waschbar. Stoffe: Kullaloo f\u00fcr Kinderspielzeug geeignet (EN 71-3 und EN 71-9). Die Stickdatei stammt von Sticktier.<\/p>\n","protected":false},"featured_media":2246,"template":"","meta":{"jetpack_post_was_ever_published":false,"jetpack_publicize_message":"","jetpack_publicize_feature_enabled":true,"jetpack_social_post_already_shared":true,"jetpack_social_options":{"image_generator_settings":{"template":"highway","default_image_id":0,"font":"","enabled":false},"version":2}},"product_brand":[],"product_cat":[27],"product_tag":[],"class_list":{"0":"post-2243","1":"product","2":"type-product","3":"status-publish","4":"has-post-thumbnail","6":"product_cat-fuer-die-kleinen","8":"first","9":"instock","10":"shipping-taxable","11":"purchasable","12":"product-type-simple"},"jetpack_publicize_connections":[],"jetpack_sharing_enabled":true,"jetpack-related-posts":[],"_links":{"self":[{"href":"https:\/\/www.maore.org\/index.php\/wp-json\/wp\/v2\/product\/2243","targetHints":{"allow":["GET"]}}],"collection":[{"href":"https:\/\/www.maore.org\/index.php\/wp-json\/wp\/v2\/product"}],"about":[{"href":"https:\/\/www.maore.org\/index.php\/wp-json\/wp\/v2\/types\/product"}],"wp:featuredmedia":[{"embeddable":true,"href":"https:\/\/www.maore.org\/index.php\/wp-json\/wp\/v2\/media\/2246"}],"wp:attachment":[{"href":"https:\/\/www.maore.org\/index.php\/wp-json\/wp\/v2\/media?parent=2243"}],"wp:term":[{"taxonomy":"product_brand","embeddable":true,"href":"https:\/\/www.maore.org\/index.php\/wp-json\/wp\/v2\/product_brand?post=2243"},{"taxonomy":"product_cat","embeddable":true,"href":"https:\/\/www.maore.org\/index.php\/wp-json\/wp\/v2\/product_cat?post=2243"},{"taxonomy":"product_tag","embeddable":true,"href":"https:\/\/www.maore.org\/index.php\/wp-json\/wp\/v2\/product_tag?post=2243"}],"curies":[{"name":"wp","href":"https:\/\/api.w.org\/{rel}","templated":true}]}}