{"id":80,"date":"2019-03-15T09:51:20","date_gmt":"2019-03-15T09:51:20","guid":{"rendered":"https:\/\/www.maore.org\/?post_type=product&#038;p=80"},"modified":"2022-12-29T12:25:58","modified_gmt":"2022-12-29T12:25:58","slug":"knistertuch-mit-kleinen-suchtaschen","status":"publish","type":"product","link":"https:\/\/www.maore.org\/index.php\/product\/knistertuch-mit-kleinen-suchtaschen\/","title":{"rendered":"Knistertuch"},"content":{"rendered":"<p><strong>Knistertuch mit kleinen Suchtaschen:\u00a0<\/strong>In den vier kleinen Taschen k\u00f6nnen Nuggi, Beissring und Spielsachen versteckt werden. Eine der Taschen ist zus\u00e4tzlich mit Knisterfolie gef\u00fcttert, welche beim Suchen und Entdecken raschelt. Die verschieden B\u00e4nder laden zum Tasten und F\u00fchlen ein.<\/p>\n<p>&nbsp;<\/p>\n<p><strong>Material: <\/strong><\/p>\n<ul>\n<li>Vorderseite: Baumwollstoffe<\/li>\n<li>R\u00fcckseite: Jerseystoffe oder Baumwollstoffe<\/li>\n<li>Knisterfolie, verschiedene Web-, Stoffb\u00e4nder und Spitzen<\/li>\n<li>waschbar<\/li>\n<\/ul>\n<p>&nbsp;<\/p>\n","protected":false},"excerpt":{"rendered":"<p>Knistertuch mit kleinen Suchtaschen:\u00a0In den vier kleinen Taschen k\u00f6nnen Nuggi, Beissring und Spielsachen versteckt werden. Eine der Taschen ist zus\u00e4tzlich mit Knisterfolie gef\u00fcttert, welche beim Suchen und Entdecken raschelt. Die verschieden B\u00e4nder laden zum Tasten und F\u00fchlen ein. &nbsp; Material: Vorderseite: Baumwollstoffe R\u00fcckseite: Jerseystoffe oder Baumwollstoffe Knisterfolie, verschiedene Web-, Stoffb\u00e4nder und Spitzen waschbar &nbsp;<\/p>\n","protected":false},"featured_media":1346,"template":"","meta":{"jetpack_post_was_ever_published":false,"jetpack_publicize_message":"","jetpack_publicize_feature_enabled":true,"jetpack_social_post_already_shared":true,"jetpack_social_options":{"image_generator_settings":{"template":"highway","default_image_id":0,"font":"","enabled":false},"version":2}},"product_brand":[],"product_cat":[27],"product_tag":[],"class_list":{"0":"post-80","1":"product","2":"type-product","3":"status-publish","4":"has-post-thumbnail","6":"product_cat-fuer-die-kleinen","8":"first","9":"instock","10":"shipping-taxable","11":"purchasable","12":"product-type-simple"},"jetpack_publicize_connections":[],"jetpack_sharing_enabled":true,"jetpack-related-posts":[],"_links":{"self":[{"href":"https:\/\/www.maore.org\/index.php\/wp-json\/wp\/v2\/product\/80","targetHints":{"allow":["GET"]}}],"collection":[{"href":"https:\/\/www.maore.org\/index.php\/wp-json\/wp\/v2\/product"}],"about":[{"href":"https:\/\/www.maore.org\/index.php\/wp-json\/wp\/v2\/types\/product"}],"wp:featuredmedia":[{"embeddable":true,"href":"https:\/\/www.maore.org\/index.php\/wp-json\/wp\/v2\/media\/1346"}],"wp:attachment":[{"href":"https:\/\/www.maore.org\/index.php\/wp-json\/wp\/v2\/media?parent=80"}],"wp:term":[{"taxonomy":"product_brand","embeddable":true,"href":"https:\/\/www.maore.org\/index.php\/wp-json\/wp\/v2\/product_brand?post=80"},{"taxonomy":"product_cat","embeddable":true,"href":"https:\/\/www.maore.org\/index.php\/wp-json\/wp\/v2\/product_cat?post=80"},{"taxonomy":"product_tag","embeddable":true,"href":"https:\/\/www.maore.org\/index.php\/wp-json\/wp\/v2\/product_tag?post=80"}],"curies":[{"name":"wp","href":"https:\/\/api.w.org\/{rel}","templated":true}]}}